{"id":442,"date":"2025-10-29T11:50:26","date_gmt":"2025-10-29T10:50:26","guid":{"rendered":"https:\/\/emanuelle28.com\/?page_id=442"},"modified":"2025-11-10T12:36:23","modified_gmt":"2025-11-10T11:36:23","slug":"notre-mission-et-nos-valeurs","status":"publish","type":"page","link":"https:\/\/emanuelle28.com\/index.php\/notre-mission-et-nos-valeurs\/","title":{"rendered":"Notre mission et nos valeurs"},"content":{"rendered":"[et_pb_section fb_built=\u00a0\u00bb1&Prime; admin_label=\u00a0\u00bbsection\u00a0\u00bb _builder_version=\u00a0\u00bb4.27.4&Prime; background_color=\u00a0\u00bb#b5b5b5&Prime; hover_enabled=\u00a0\u00bb0&Prime; global_colors_info=\u00a0\u00bb{}\u00a0\u00bb sticky_enabled=\u00a0\u00bb0&Prime;][et_pb_row admin_label=\u00a0\u00bbrow\u00a0\u00bb _builder_version=\u00a0\u00bb4.16&Prime; background_size=\u00a0\u00bbinitial\u00a0\u00bb background_position=\u00a0\u00bbtop_left\u00a0\u00bb background_repeat=\u00a0\u00bbrepeat\u00a0\u00bb global_colors_info=\u00a0\u00bb{}\u00a0\u00bb][et_pb_column type=\u00a0\u00bb4_4&Prime; _builder_version=\u00a0\u00bb4.16&Prime; custom_padding=\u00a0\u00bb|||\u00a0\u00bb global_colors_info=\u00a0\u00bb{}\u00a0\u00bb custom_padding__hover=\u00a0\u00bb|||\u00a0\u00bb][et_pb_text admin_label=\u00a0\u00bbText\u00a0\u00bb _builder_version=\u00a0\u00bb4.27.4&Prime; background_color=\u00a0\u00bb#FFFFFF\u00a0\u00bb background_size=\u00a0\u00bbinitial\u00a0\u00bb background_position=\u00a0\u00bbtop_left\u00a0\u00bb background_repeat=\u00a0\u00bbrepeat\u00a0\u00bb width=\u00a0\u00bb100%\u00a0\u00bb custom_margin=\u00a0\u00bb||1px|||\u00a0\u00bb hover_enabled=\u00a0\u00bb0&Prime; global_colors_info=\u00a0\u00bb{}\u00a0\u00bb sticky_enabled=\u00a0\u00bb0&Prime;]<p>\u00a0L&rsquo;Association emanuelle28 \u00e0 pour but de venir en aide aux enfants en situation de handicap ainsi qu&rsquo;\u00e0 leurs familles dans le cadre des d\u00e9marches administratives ( MDA, structures sp\u00e9cialis\u00e9es, logements&#8230;) , sanitaire ( prises de rendez-vous m\u00e9dicaux, hospitalisations &#8230;).<\/p>\n<p><\/p>\n<p>Nous faisons en sorte que les familles puissent avoir des logements adapt\u00e9s afin d&rsquo;apaiser un peu la souffrance qu&rsquo;elles vivent au quotidien.<\/p>\n<p><\/p>[\/et_pb_text][\/et_pb_column][\/et_pb_row][\/et_pb_section]","protected":false},"excerpt":{"rendered":"<p>\u00a0L&rsquo;Association emanuelle28 \u00e0 pour but de venir en aide aux enfants en situation de handicap ainsi qu&rsquo;\u00e0 leurs familles dans le cadre des d\u00e9marches administratives ( MDA, structures sp\u00e9cialis\u00e9es, logements&#8230;) , sanitaire ( prises de rendez-vous m\u00e9dicaux, hospitalisations &#8230;). Nous faisons en sorte que les familles puissent avoir des logements adapt\u00e9s afin d&rsquo;apaiser un peu [&hellip;]<\/p>\n","protected":false},"author":1,"featured_media":0,"parent":0,"menu_order":0,"comment_status":"closed","ping_status":"closed","template":"","meta":{"_et_pb_use_builder":"on","_et_pb_old_content":"<!-- wp:paragraph -->\n<p>\u00a0L'Association emanuelle28 \u00e0 pour but de venir en aide aux enfants en situation de handicap ainsi qu'\u00e0 leurs familles dans le cadre des d\u00e9marches administratives ( MDA, structures sp\u00e9cialis\u00e9es, logements...) , sanitaire ( prises de rendez-vous m\u00e9dicaux, hospitalisations ...). <\/p>\n<!-- \/wp:paragraph -->\n\n<!-- wp:paragraph -->\n<p>Nous faisons en sorte que les familles puissent avoir des logements adapt\u00e9s afin d'apaiser un peu la souffrance qu'elles vivent au quotidien.<br><br><br><\/p>\n<!-- \/wp:paragraph -->","_et_gb_content_width":"","footnotes":""},"class_list":["post-442","page","type-page","status-publish","hentry"],"_links":{"self":[{"href":"https:\/\/emanuelle28.com\/index.php\/wp-json\/wp\/v2\/pages\/442","targetHints":{"allow":["GET"]}}],"collection":[{"href":"https:\/\/emanuelle28.com\/index.php\/wp-json\/wp\/v2\/pages"}],"about":[{"href":"https:\/\/emanuelle28.com\/index.php\/wp-json\/wp\/v2\/types\/page"}],"author":[{"embeddable":true,"href":"https:\/\/emanuelle28.com\/index.php\/wp-json\/wp\/v2\/users\/1"}],"replies":[{"embeddable":true,"href":"https:\/\/emanuelle28.com\/index.php\/wp-json\/wp\/v2\/comments?post=442"}],"version-history":[{"count":5,"href":"https:\/\/emanuelle28.com\/index.php\/wp-json\/wp\/v2\/pages\/442\/revisions"}],"predecessor-version":[{"id":474,"href":"https:\/\/emanuelle28.com\/index.php\/wp-json\/wp\/v2\/pages\/442\/revisions\/474"}],"wp:attachment":[{"href":"https:\/\/emanuelle28.com\/index.php\/wp-json\/wp\/v2\/media?parent=442"}],"curies":[{"name":"wp","href":"https:\/\/api.w.org\/{rel}","templated":true}]}}