{"id":434,"date":"2025-10-29T11:40:14","date_gmt":"2025-10-29T10:40:14","guid":{"rendered":"https:\/\/emanuelle28.com\/?page_id=434"},"modified":"2025-11-10T10:46:21","modified_gmt":"2025-11-10T09:46:21","slug":"lhistoire-du-projet","status":"publish","type":"page","link":"https:\/\/emanuelle28.com\/index.php\/lhistoire-du-projet\/","title":{"rendered":"L&rsquo;histoire du projet"},"content":{"rendered":"[et_pb_section fb_built=\u00a0\u00bb1&Prime; admin_label=\u00a0\u00bbsection\u00a0\u00bb _builder_version=\u00a0\u00bb4.27.4&Prime; hover_enabled=\u00a0\u00bb0&Prime; global_colors_info=\u00a0\u00bb{}\u00a0\u00bb background_color=\u00a0\u00bbrgba(0,0,0,0.24)\u00a0\u00bb sticky_enabled=\u00a0\u00bb0&Prime;][et_pb_row admin_label=\u00a0\u00bbrow\u00a0\u00bb _builder_version=\u00a0\u00bb4.16&Prime; background_size=\u00a0\u00bbinitial\u00a0\u00bb background_position=\u00a0\u00bbtop_left\u00a0\u00bb background_repeat=\u00a0\u00bbrepeat\u00a0\u00bb global_colors_info=\u00a0\u00bb{}\u00a0\u00bb][et_pb_column type=\u00a0\u00bb4_4&Prime; _builder_version=\u00a0\u00bb4.16&Prime; custom_padding=\u00a0\u00bb|||\u00a0\u00bb global_colors_info=\u00a0\u00bb{}\u00a0\u00bb custom_padding__hover=\u00a0\u00bb|||\u00a0\u00bb][et_pb_text admin_label=\u00a0\u00bbText\u00a0\u00bb _builder_version=\u00a0\u00bb4.16&Prime; background_size=\u00a0\u00bbinitial\u00a0\u00bb background_position=\u00a0\u00bbtop_left\u00a0\u00bb background_repeat=\u00a0\u00bbrepeat\u00a0\u00bb global_colors_info=\u00a0\u00bb{}\u00a0\u00bb]<p class=\"has-white-background-color has-background\" style=\"text-align: justify;\">\u00c9tants parents d&rsquo;un enfant en situation de handicap trisomique et psychomoteur. Nous avions \u00e9t\u00e9 confront\u00e9 a plusieurs difficult\u00e9s et d\u00e9fis majeurs lors de la naissance de notre fille Emanuelle. Mais cela ne nous \u00e0 jamais fait baisser les bras pour continuer le combat jusqu&rsquo;\u00e0 pr\u00e9sent a travers d&rsquo;autres familles que nous accompagnons. L&rsquo;histoire du g\u00e9n\u00e9ral Charles De Gaulle, homme de paix et de vision pour sa fille Anne De Gaulle nous avait terriblement toucher. Ce grand homme politique fran\u00e7ais, p\u00e8re d&rsquo;une fille en situation de handicap trisomique nomm\u00e9e Anne De Gaulle n&rsquo;\u00e9tait pas non seulement un pr\u00e9sident de la R\u00e9publique fran\u00e7aise mais aussi un p\u00e8re pleinement d\u00e9vou\u00e9 par sa bravoure pour le combat de sa fille trisomique. Un p\u00e8re qui par ce d\u00eet combat avait chang\u00e9 le regard ext\u00e9rieur d&rsquo;autrui envers l&rsquo;handicap de sa fille bien aim\u00e9e. C&rsquo;est de l\u00e0 est n\u00e9e la fondation Anne De Gaulles<\/p>\n<p class=\"has-white-background-color has-background\" style=\"text-align: justify;\">En sommes , c&rsquo;est par cet h\u00e9ritage constructif et ind\u00e9fectible que nous avons \u00e0 notre tour cr\u00e9er l&rsquo;Association emanuelle28.<\/p>\n<p style=\"text-align: justify;\"><!-- \/wp:post-content --><\/p>\n<p style=\"text-align: justify;\"><!-- wp:paragraph --><\/p>\n<p style=\"text-align: justify;\"><!-- \/wp:paragraph --><\/p>\n<p><!-- \/wp:paragraph --><\/p>[\/et_pb_text][\/et_pb_column][\/et_pb_row][\/et_pb_section]","protected":false},"excerpt":{"rendered":"<p>\u00c9tants parents d&rsquo;un enfant en situation de handicap trisomique et psychomoteur. Nous avions \u00e9t\u00e9 confront\u00e9 a plusieurs difficult\u00e9s et d\u00e9fis majeurs lors de la naissance de notre fille Emanuelle. Mais cela ne nous \u00e0 jamais fait baisser les bras pour continuer le combat jusqu&rsquo;\u00e0 pr\u00e9sent a travers d&rsquo;autres familles que nous accompagnons. L&rsquo;histoire du g\u00e9n\u00e9ral [&hellip;]<\/p>\n","protected":false},"author":1,"featured_media":420,"parent":0,"menu_order":0,"comment_status":"closed","ping_status":"closed","template":"","meta":{"_et_pb_use_builder":"on","_et_pb_old_content":"<!-- wp:paragraph {\"backgroundColor\":\"white\"} -->\n<p class=\"has-white-background-color has-background\">\u00c9tants parents d'un enfant en situation de handicap trisomique et psychomoteur. Nous avions \u00e9t\u00e9 confront\u00e9 a plusieurs difficult\u00e9s et d\u00e9fis majeurs lors de la naissance de notre fille Emanuelle. Mais cela ne nous \u00e0 jamais fait baisser les bras pour continuer le combat jusqu'\u00e0 pr\u00e9sent a travers d'autres familles que nous accompagnons.<\/p>\n<!-- \/wp:paragraph -->\n\n<!-- wp:paragraph -->\n<p>L'histoire du g\u00e9n\u00e9ral Charles De Gaulle, homme de paix et de vision pour sa fille Anne De Gaulle nous avait terriblement toucher. Ce grand homme politique fran\u00e7ais, p\u00e8re d'une fille en situation de handicap trisomique nomm\u00e9e Anne De Gaulle n'\u00e9tait pas non seulement un pr\u00e9sident de la R\u00e9publique fran\u00e7aise mais aussi un p\u00e8re pleinement d\u00e9vou\u00e9 par sa bravoure pour le combat de sa fille trisomique. Un p\u00e8re qui par ce d\u00eet combat avait chang\u00e9 le regard ext\u00e9rieur d'autrui envers l'handicap de sa fille bien aim\u00e9e. C'est de l\u00e0 est n\u00e9e la fondation Anne De Gaulle.<\/p>\n<!-- \/wp:paragraph -->\n\n<!-- wp:paragraph {\"backgroundColor\":\"white\"} -->\n<p class=\"has-white-background-color has-background\">En sommes , c'est par cet h\u00e9ritage constructif et ind\u00e9fectible que nous avons \u00e0 notre tour cr\u00e9er l'Association emanuelle28.<\/p>\n<!-- \/wp:paragraph -->","_et_gb_content_width":"","footnotes":""},"class_list":["post-434","page","type-page","status-publish","has-post-thumbnail","hentry"],"_links":{"self":[{"href":"https:\/\/emanuelle28.com\/index.php\/wp-json\/wp\/v2\/pages\/434","targetHints":{"allow":["GET"]}}],"collection":[{"href":"https:\/\/emanuelle28.com\/index.php\/wp-json\/wp\/v2\/pages"}],"about":[{"href":"https:\/\/emanuelle28.com\/index.php\/wp-json\/wp\/v2\/types\/page"}],"author":[{"embeddable":true,"href":"https:\/\/emanuelle28.com\/index.php\/wp-json\/wp\/v2\/users\/1"}],"replies":[{"embeddable":true,"href":"https:\/\/emanuelle28.com\/index.php\/wp-json\/wp\/v2\/comments?post=434"}],"version-history":[{"count":4,"href":"https:\/\/emanuelle28.com\/index.php\/wp-json\/wp\/v2\/pages\/434\/revisions"}],"predecessor-version":[{"id":453,"href":"https:\/\/emanuelle28.com\/index.php\/wp-json\/wp\/v2\/pages\/434\/revisions\/453"}],"wp:featuredmedia":[{"embeddable":true,"href":"https:\/\/emanuelle28.com\/index.php\/wp-json\/wp\/v2\/media\/420"}],"wp:attachment":[{"href":"https:\/\/emanuelle28.com\/index.php\/wp-json\/wp\/v2\/media?parent=434"}],"curies":[{"name":"wp","href":"https:\/\/api.w.org\/{rel}","templated":true}]}}